{"id":215,"date":"2025-11-10T09:27:32","date_gmt":"2025-11-10T09:27:32","guid":{"rendered":"https:\/\/realtormariasoto.com\/?page_id=215"},"modified":"2025-11-10T09:28:55","modified_gmt":"2025-11-10T09:28:55","slug":"hipotecas-sin-estres","status":"publish","type":"page","link":"https:\/\/realtormariasoto.com\/?page_id=215","title":{"rendered":"Hipotecas sin estr\u00e9s"},"content":{"rendered":"\t\t<div data-elementor-type=\"wp-page\" data-elementor-id=\"215\" class=\"elementor elementor-215\" data-elementor-post-type=\"page\">\n\t\t\t\t<div class=\"aux-parallax-section elementor-element elementor-element-418d91a e-flex e-con-boxed e-con e-parent\" data-id=\"418d91a\" data-element_type=\"container\">\n\t\t\t\t\t<div class=\"e-con-inner\">\n\t\t<div class=\"elementor-element elementor-element-2d9eb5e e-con-full e-flex e-con e-child\" data-id=\"2d9eb5e\" data-element_type=\"container\">\n\t\t\t\t<div class=\"elementor-element elementor-element-d85d12d elementor-widget elementor-widget-heading\" data-id=\"d85d12d\" data-element_type=\"widget\" data-widget_type=\"heading.default\">\n\t\t\t\t<div class=\"elementor-widget-container\">\n\t\t\t\t\t<h2 class=\"elementor-heading-title elementor-size-default\">\ud83c\udfe6 Hipotecas sin estr\u00e9s<\/h2>\t\t\t\t<\/div>\n\t\t\t\t<\/div>\n\t\t\t\t<div class=\"elementor-element elementor-element-0a9c73f elementor-widget elementor-widget-text-editor\" data-id=\"0a9c73f\" data-element_type=\"widget\" data-widget_type=\"text-editor.default\">\n\t\t\t\t<div class=\"elementor-widget-container\">\n\t\t\t\t\t\t\t\t\t<p>Te acompa\u00f1o y asesoro en cada paso<\/p><p>Conseguir una hipoteca puede parecer complicado, pero no tiene por qu\u00e9 serlo. En Realtor Maria Angela Soto, te acompa\u00f1o desde el primer paso para que el proceso de financiamiento de tu casa sea f\u00e1cil, claro y sin estr\u00e9s.<\/p>\t\t\t\t\t\t\t\t<\/div>\n\t\t\t\t<\/div>\n\t\t\t\t<div class=\"elementor-element elementor-element-cc83b2b elementor-widget elementor-widget-heading\" data-id=\"cc83b2b\" data-element_type=\"widget\" data-widget_type=\"heading.default\">\n\t\t\t\t<div class=\"elementor-widget-container\">\n\t\t\t\t\t<h2 class=\"elementor-heading-title elementor-size-default\">\ud83d\udcac Te ayudo a:\n\n<\/h2>\t\t\t\t<\/div>\n\t\t\t\t<\/div>\n\t\t\t\t<div class=\"elementor-element elementor-element-ad91518 elementor-widget elementor-widget-text-editor\" data-id=\"ad91518\" data-element_type=\"widget\" data-widget_type=\"text-editor.default\">\n\t\t\t\t<div class=\"elementor-widget-container\">\n\t\t\t\t\t\t\t\t\t<p>Conocer las diferentes opciones de pr\u00e9stamos hipotecarios (FHA, Convencional, VA, USDA).<\/p><p>Evaluar qu\u00e9 tipo de pr\u00e9stamo se adapta mejor a tu perfil.<\/p><p>Preparar los documentos necesarios para la aprobaci\u00f3n.<\/p><p>Conectarte con prestamistas confiables y con experiencia.<\/p><p><br \/>Mi objetivo es que entiendas cada parte del proceso y tomes decisiones informadas, con el respaldo de una Realtor que se preocupa por tus metas y tu tranquilidad.<\/p><p>\ud83d\udc9b Tu casa ideal comienza con la hipoteca correcta, y yo te ayudo\u00a0a\u00a0conseguirla.<\/p>\t\t\t\t\t\t\t\t<\/div>\n\t\t\t\t<\/div>\n\t\t\t\t<div class=\"elementor-element elementor-element-e8b3bfa elementor-align-center elementor-widget elementor-widget-button\" data-id=\"e8b3bfa\" data-element_type=\"widget\" data-widget_type=\"button.default\">\n\t\t\t\t<div class=\"elementor-widget-container\">\n\t\t\t\t\t\t\t\t\t<div class=\"elementor-button-wrapper\">\n\t\t\t\t\t<a class=\"elementor-button elementor-button-link elementor-size-sm\" href=\"https:\/\/walink.co\/073d74\">\n\t\t\t\t\t\t<span class=\"elementor-button-content-wrapper\">\n\t\t\t\t\t\t<span class=\"elementor-button-icon\">\n\t\t\t\t<i aria-hidden=\"true\" class=\"fab fa-whatsapp\"><\/i>\t\t\t<\/span>\n\t\t\t\t\t\t\t\t\t<span class=\"elementor-button-text\">Env\u00edame un WhasApp<\/span>\n\t\t\t\t\t<\/span>\n\t\t\t\t\t<\/a>\n\t\t\t\t<\/div>\n\t\t\t\t\t\t\t\t<\/div>\n\t\t\t\t<\/div>\n\t\t\t\t<\/div>\n\t\t\t\t\t<\/div>\n\t\t\t\t<\/div>\n\t\t\t\t<\/div>\n\t\t","protected":false},"excerpt":{"rendered":"<p>\ud83c\udfe6 Hipotecas sin estr\u00e9s Te acompa\u00f1o y asesoro en cada paso Conseguir una hipoteca puede parecer complicado, pero no tiene por qu\u00e9 serlo. En Realtor Maria Angela Soto, te acompa\u00f1o desde el primer paso para que el proceso de financiamiento de tu casa sea f\u00e1cil, claro y sin estr\u00e9s. \ud83d\udcac Te ayudo a: Conocer las [&hellip;]<\/p>\n","protected":false},"author":2,"featured_media":0,"parent":0,"menu_order":0,"comment_status":"closed","ping_status":"closed","template":"","meta":{"footnotes":""},"class_list":["post-215","page","type-page","status-publish","hentry"],"_links":{"self":[{"href":"https:\/\/realtormariasoto.com\/index.php?rest_route=\/wp\/v2\/pages\/215","targetHints":{"allow":["GET"]}}],"collection":[{"href":"https:\/\/realtormariasoto.com\/index.php?rest_route=\/wp\/v2\/pages"}],"about":[{"href":"https:\/\/realtormariasoto.com\/index.php?rest_route=\/wp\/v2\/types\/page"}],"author":[{"embeddable":true,"href":"https:\/\/realtormariasoto.com\/index.php?rest_route=\/wp\/v2\/users\/2"}],"replies":[{"embeddable":true,"href":"https:\/\/realtormariasoto.com\/index.php?rest_route=%2Fwp%2Fv2%2Fcomments&post=215"}],"version-history":[{"count":4,"href":"https:\/\/realtormariasoto.com\/index.php?rest_route=\/wp\/v2\/pages\/215\/revisions"}],"predecessor-version":[{"id":219,"href":"https:\/\/realtormariasoto.com\/index.php?rest_route=\/wp\/v2\/pages\/215\/revisions\/219"}],"wp:attachment":[{"href":"https:\/\/realtormariasoto.com\/index.php?rest_route=%2Fwp%2Fv2%2Fmedia&parent=215"}],"curies":[{"name":"wp","href":"https:\/\/api.w.org\/{rel}","templated":true}]}}