{"id":213,"date":"2025-11-10T09:29:35","date_gmt":"2025-11-10T09:29:35","guid":{"rendered":"https:\/\/realtormariasoto.com\/?page_id=213"},"modified":"2025-11-10T09:35:35","modified_gmt":"2025-11-10T09:35:35","slug":"asesoria-experta-para-tu-hogar-ideal","status":"publish","type":"page","link":"https:\/\/realtormariasoto.com\/?page_id=213","title":{"rendered":"Asesor\u00eda experta para tu hogar ideal"},"content":{"rendered":"\t\t<div data-elementor-type=\"wp-page\" data-elementor-id=\"213\" class=\"elementor elementor-213\" data-elementor-post-type=\"page\">\n\t\t\t\t<div class=\"aux-parallax-section elementor-element elementor-element-023a494 e-flex e-con-boxed e-con e-parent\" data-id=\"023a494\" data-element_type=\"container\">\n\t\t\t\t\t<div class=\"e-con-inner\">\n\t\t<div class=\"elementor-element elementor-element-9a4895c e-con-full e-flex e-con e-child\" data-id=\"9a4895c\" data-element_type=\"container\">\n\t\t\t\t<div class=\"elementor-element elementor-element-63178b0 elementor-widget elementor-widget-heading\" data-id=\"63178b0\" data-element_type=\"widget\" data-widget_type=\"heading.default\">\n\t\t\t\t<div class=\"elementor-widget-container\">\n\t\t\t\t\t<h2 class=\"elementor-heading-title elementor-size-default\">\ud83c\udfe1 Asesor\u00eda experta para tu hogar ideal<span style=\"letter-spacing: 0px\"><\/span><\/h2>\t\t\t\t<\/div>\n\t\t\t\t<\/div>\n\t\t\t\t<div class=\"elementor-element elementor-element-f772801 elementor-widget elementor-widget-text-editor\" data-id=\"f772801\" data-element_type=\"widget\" data-widget_type=\"text-editor.default\">\n\t\t\t\t<div class=\"elementor-widget-container\">\n\t\t\t\t\t\t\t\t\t<p>Para primeros compradores, hispanos e inversionistas extranjeros<\/p><p>Comprar una casa es una de las decisiones m\u00e1s importantes de tu vida, y contar con la gu\u00eda correcta hace toda la diferencia.<br \/>En Realtor Maria Angela Soto, brindo asesor\u00eda personalizada a cada cliente, adaptada a su situaci\u00f3n financiera, metas y estilo de vida.<\/p>\t\t\t\t\t\t\t\t<\/div>\n\t\t\t\t<\/div>\n\t\t\t\t<\/div>\n\t\t\t\t\t<\/div>\n\t\t\t\t<\/div>\n\t\t<div class=\"aux-parallax-section elementor-element elementor-element-35abf54 e-flex e-con-boxed e-con e-parent\" data-id=\"35abf54\" data-element_type=\"container\">\n\t\t\t\t\t<div class=\"e-con-inner\">\n\t\t<div class=\"elementor-element elementor-element-ed10b71 e-con-full e-flex e-con e-child\" data-id=\"ed10b71\" data-element_type=\"container\">\n\t\t<div class=\"elementor-element elementor-element-b4f9161 e-con-full e-flex e-con e-child\" data-id=\"b4f9161\" data-element_type=\"container\" data-settings=\"{&quot;background_background&quot;:&quot;classic&quot;}\">\n\t\t\t\t<div class=\"elementor-element elementor-element-2b7b56e elementor-widget elementor-widget-heading\" data-id=\"2b7b56e\" data-element_type=\"widget\" data-widget_type=\"heading.default\">\n\t\t\t\t<div class=\"elementor-widget-container\">\n\t\t\t\t\t<h2 class=\"elementor-heading-title elementor-size-default\">\ud83d\udcac Te ayudo paso a paso a:\n<\/h2>\t\t\t\t<\/div>\n\t\t\t\t<\/div>\n\t\t\t\t<div class=\"elementor-element elementor-element-1f88fd0 elementor-widget elementor-widget-text-editor\" data-id=\"1f88fd0\" data-element_type=\"widget\" data-widget_type=\"text-editor.default\">\n\t\t\t\t<div class=\"elementor-widget-container\">\n\t\t\t\t\t\t\t\t\t<p>Entender el proceso completo de compra en Florida.<\/p><p>Conocer las opciones de financiamiento disponibles.<\/p><p>Elegir la zona que mejor se adapte a tus necesidades.<\/p><p>Negociar el mejor precio posible para tu nuevo hogar.<\/p>\t\t\t\t\t\t\t\t<\/div>\n\t\t\t\t<\/div>\n\t\t\t\t<\/div>\n\t\t\t\t<\/div>\n\t\t\t\t\t<\/div>\n\t\t\t\t<\/div>\n\t\t<div class=\"aux-parallax-section elementor-element elementor-element-f59eceb e-flex e-con-boxed e-con e-parent\" data-id=\"f59eceb\" data-element_type=\"container\">\n\t\t\t\t\t<div class=\"e-con-inner\">\n\t\t<div class=\"elementor-element elementor-element-ebbf0e2 e-con-full e-flex e-con e-child\" data-id=\"ebbf0e2\" data-element_type=\"container\">\n\t\t\t\t<div class=\"elementor-element elementor-element-a2e8064 elementor-widget elementor-widget-text-editor\" data-id=\"a2e8064\" data-element_type=\"widget\" data-widget_type=\"text-editor.default\">\n\t\t\t\t<div class=\"elementor-widget-container\">\n\t\t\t\t\t\t\t\t\t<p>Trabajo con especial dedicaci\u00f3n para acompa\u00f1ar a la comunidad hispana y a inversionistas internacionales que buscan establecerse o invertir en Estados Unidos, brindando orientaci\u00f3n clara, en su idioma y con total confianza.<\/p><p>\ud83c\udf1f Tu hogar ideal est\u00e1 m\u00e1s cerca de lo que imaginas.<\/p><p><br \/>\ud83d\udcde Cont\u00e1ctame hoy y empieza a construir tu sue\u00f1o con el respaldo de una Realtor que\u00a0te\u00a0entiende.<\/p>\t\t\t\t\t\t\t\t<\/div>\n\t\t\t\t<\/div>\n\t\t\t\t<div class=\"elementor-element elementor-element-161c11b elementor-align-center elementor-widget elementor-widget-button\" data-id=\"161c11b\" data-element_type=\"widget\" data-widget_type=\"button.default\">\n\t\t\t\t<div class=\"elementor-widget-container\">\n\t\t\t\t\t\t\t\t\t<div class=\"elementor-button-wrapper\">\n\t\t\t\t\t<a class=\"elementor-button elementor-button-link elementor-size-sm\" href=\"https:\/\/walink.co\/073d74\">\n\t\t\t\t\t\t<span class=\"elementor-button-content-wrapper\">\n\t\t\t\t\t\t<span class=\"elementor-button-icon\">\n\t\t\t\t<i aria-hidden=\"true\" class=\"fab fa-whatsapp\"><\/i>\t\t\t<\/span>\n\t\t\t\t\t\t\t\t\t<span class=\"elementor-button-text\">Env\u00edame un WhasApp<\/span>\n\t\t\t\t\t<\/span>\n\t\t\t\t\t<\/a>\n\t\t\t\t<\/div>\n\t\t\t\t\t\t\t\t<\/div>\n\t\t\t\t<\/div>\n\t\t\t\t<\/div>\n\t\t\t\t\t<\/div>\n\t\t\t\t<\/div>\n\t\t\t\t<\/div>\n\t\t","protected":false},"excerpt":{"rendered":"<p>\ud83c\udfe1 Asesor\u00eda experta para tu hogar ideal Para primeros compradores, hispanos e inversionistas extranjeros Comprar una casa es una de las decisiones m\u00e1s importantes de tu vida, y contar con la gu\u00eda correcta hace toda la diferencia.En Realtor Maria Angela Soto, brindo asesor\u00eda personalizada a cada cliente, adaptada a su situaci\u00f3n financiera, metas y estilo [&hellip;]<\/p>\n","protected":false},"author":2,"featured_media":0,"parent":0,"menu_order":0,"comment_status":"closed","ping_status":"closed","template":"","meta":{"footnotes":""},"class_list":["post-213","page","type-page","status-publish","hentry"],"_links":{"self":[{"href":"https:\/\/realtormariasoto.com\/index.php?rest_route=\/wp\/v2\/pages\/213","targetHints":{"allow":["GET"]}}],"collection":[{"href":"https:\/\/realtormariasoto.com\/index.php?rest_route=\/wp\/v2\/pages"}],"about":[{"href":"https:\/\/realtormariasoto.com\/index.php?rest_route=\/wp\/v2\/types\/page"}],"author":[{"embeddable":true,"href":"https:\/\/realtormariasoto.com\/index.php?rest_route=\/wp\/v2\/users\/2"}],"replies":[{"embeddable":true,"href":"https:\/\/realtormariasoto.com\/index.php?rest_route=%2Fwp%2Fv2%2Fcomments&post=213"}],"version-history":[{"count":3,"href":"https:\/\/realtormariasoto.com\/index.php?rest_route=\/wp\/v2\/pages\/213\/revisions"}],"predecessor-version":[{"id":239,"href":"https:\/\/realtormariasoto.com\/index.php?rest_route=\/wp\/v2\/pages\/213\/revisions\/239"}],"wp:attachment":[{"href":"https:\/\/realtormariasoto.com\/index.php?rest_route=%2Fwp%2Fv2%2Fmedia&parent=213"}],"curies":[{"name":"wp","href":"https:\/\/api.w.org\/{rel}","templated":true}]}}