{"id":212,"date":"2025-11-10T09:29:54","date_gmt":"2025-11-10T09:29:54","guid":{"rendered":"https:\/\/realtormariasoto.com\/?page_id=212"},"modified":"2025-11-10T09:32:56","modified_gmt":"2025-11-10T09:32:56","slug":"conoce-el-valor-real-de-una-vivienda","status":"publish","type":"page","link":"https:\/\/realtormariasoto.com\/?page_id=212","title":{"rendered":"Conoce el valor real de una vivienda"},"content":{"rendered":"\t\t<div data-elementor-type=\"wp-page\" data-elementor-id=\"212\" class=\"elementor elementor-212\" data-elementor-post-type=\"page\">\n\t\t\t\t<div class=\"aux-parallax-section elementor-element elementor-element-c635e48 e-flex e-con-boxed e-con e-parent\" data-id=\"c635e48\" data-element_type=\"container\">\n\t\t\t\t\t<div class=\"e-con-inner\">\n\t\t<div class=\"elementor-element elementor-element-2000e60 e-con-full e-flex e-con e-child\" data-id=\"2000e60\" data-element_type=\"container\">\n\t\t\t\t<div class=\"elementor-element elementor-element-52e2b72 elementor-widget elementor-widget-heading\" data-id=\"52e2b72\" data-element_type=\"widget\" data-widget_type=\"heading.default\">\n\t\t\t\t<div class=\"elementor-widget-container\">\n\t\t\t\t\t<h2 class=\"elementor-heading-title elementor-size-default\">\ud83c\udfe1 Conoce el valor real de una vivienda<span style=\"letter-spacing: 0px\"><\/span><\/h2>\t\t\t\t<\/div>\n\t\t\t\t<\/div>\n\t\t\t\t<div class=\"elementor-element elementor-element-e1518d2 elementor-widget elementor-widget-text-editor\" data-id=\"e1518d2\" data-element_type=\"widget\" data-widget_type=\"text-editor.default\">\n\t\t\t\t<div class=\"elementor-widget-container\">\n\t\t\t\t\t\t\t\t\t<p>Tasaciones expertas, decisiones inteligentes<\/p><p>Antes de comprar o vender una propiedad, es fundamental conocer su valor real en el mercado. En Realtor Maria Angela Soto, te ayudo a obtener una evaluaci\u00f3n precisa y confiable del precio actual de cualquier vivienda, utilizando herramientas profesionales y an\u00e1lisis comparativos del mercado (CMA).<\/p><p>Saber cu\u00e1nto vale una propiedad te permite:<\/p><p>Evitar pagar de m\u00e1s al comprar.<\/p><p>Establecer un precio justo y competitivo al vender.<\/p><p>Tomar decisiones seguras al invertir o refinanciar.<\/p>\t\t\t\t\t\t\t\t<\/div>\n\t\t\t\t<\/div>\n\t\t\t\t<\/div>\n\t\t\t\t\t<\/div>\n\t\t\t\t<\/div>\n\t\t<div class=\"aux-parallax-section elementor-element elementor-element-f9ac569 e-flex e-con-boxed e-con e-parent\" data-id=\"f9ac569\" data-element_type=\"container\">\n\t\t\t\t\t<div class=\"e-con-inner\">\n\t\t<div class=\"elementor-element elementor-element-0294760 e-con-full e-flex e-con e-child\" data-id=\"0294760\" data-element_type=\"container\">\n\t\t<div class=\"elementor-element elementor-element-42ea737 e-con-full e-flex e-con e-child\" data-id=\"42ea737\" data-element_type=\"container\" data-settings=\"{&quot;background_background&quot;:&quot;classic&quot;}\">\n\t\t\t\t<div class=\"elementor-element elementor-element-6943d7e elementor-widget elementor-widget-text-editor\" data-id=\"6943d7e\" data-element_type=\"widget\" data-widget_type=\"text-editor.default\">\n\t\t\t\t<div class=\"elementor-widget-container\">\n\t\t\t\t\t\t\t\t\t<p>\ud83d\udca1 Mi compromiso es brindarte una valoraci\u00f3n profesional basada en la ubicaci\u00f3n, tama\u00f1o, mejoras, condiciones del mercado y ventas recientes del \u00e1rea.<\/p>\t\t\t\t\t\t\t\t<\/div>\n\t\t\t\t<\/div>\n\t\t\t\t<\/div>\n\t\t\t\t<\/div>\n\t\t\t\t\t<\/div>\n\t\t\t\t<\/div>\n\t\t<div class=\"aux-parallax-section elementor-element elementor-element-cdcc148 e-flex e-con-boxed e-con e-parent\" data-id=\"cdcc148\" data-element_type=\"container\">\n\t\t\t\t\t<div class=\"e-con-inner\">\n\t\t\t\t<div class=\"elementor-element elementor-element-74f8a47 elementor-widget elementor-widget-text-editor\" data-id=\"74f8a47\" data-element_type=\"widget\" data-widget_type=\"text-editor.default\">\n\t\t\t\t<div class=\"elementor-widget-container\">\n\t\t\t\t\t\t\t\t\t<p>\ud83d\udcde Solicita tu an\u00e1lisis gratuito hoy mismo y descubre el valor real de tu hogar o la casa que\u00a0te\u00a0interesa.<\/p>\t\t\t\t\t\t\t\t<\/div>\n\t\t\t\t<\/div>\n\t\t\t\t<div class=\"elementor-element elementor-element-b3a46ca elementor-align-center elementor-widget elementor-widget-button\" data-id=\"b3a46ca\" data-element_type=\"widget\" data-widget_type=\"button.default\">\n\t\t\t\t<div class=\"elementor-widget-container\">\n\t\t\t\t\t\t\t\t\t<div class=\"elementor-button-wrapper\">\n\t\t\t\t\t<a class=\"elementor-button elementor-button-link elementor-size-sm\" href=\"https:\/\/walink.co\/073d74\">\n\t\t\t\t\t\t<span class=\"elementor-button-content-wrapper\">\n\t\t\t\t\t\t<span class=\"elementor-button-icon\">\n\t\t\t\t<i aria-hidden=\"true\" class=\"fab fa-whatsapp\"><\/i>\t\t\t<\/span>\n\t\t\t\t\t\t\t\t\t<span class=\"elementor-button-text\">Env\u00edame un WhasApp<\/span>\n\t\t\t\t\t<\/span>\n\t\t\t\t\t<\/a>\n\t\t\t\t<\/div>\n\t\t\t\t\t\t\t\t<\/div>\n\t\t\t\t<\/div>\n\t\t\t\t\t<\/div>\n\t\t\t\t<\/div>\n\t\t\t\t<\/div>\n\t\t","protected":false},"excerpt":{"rendered":"<p>\ud83c\udfe1 Compra tu vivienda sin inicial Tasaciones expertas, decisiones inteligentes Antes de comprar o vender una propiedad, es fundamental conocer su valor real en el mercado. En Realtor Maria Angela Soto, te ayudo a obtener una evaluaci\u00f3n precisa y confiable del precio actual de cualquier vivienda, utilizando herramientas profesionales y an\u00e1lisis comparativos del mercado (CMA). [&hellip;]<\/p>\n","protected":false},"author":2,"featured_media":0,"parent":0,"menu_order":0,"comment_status":"closed","ping_status":"closed","template":"","meta":{"footnotes":""},"class_list":["post-212","page","type-page","status-publish","hentry"],"_links":{"self":[{"href":"https:\/\/realtormariasoto.com\/index.php?rest_route=\/wp\/v2\/pages\/212","targetHints":{"allow":["GET"]}}],"collection":[{"href":"https:\/\/realtormariasoto.com\/index.php?rest_route=\/wp\/v2\/pages"}],"about":[{"href":"https:\/\/realtormariasoto.com\/index.php?rest_route=\/wp\/v2\/types\/page"}],"author":[{"embeddable":true,"href":"https:\/\/realtormariasoto.com\/index.php?rest_route=\/wp\/v2\/users\/2"}],"replies":[{"embeddable":true,"href":"https:\/\/realtormariasoto.com\/index.php?rest_route=%2Fwp%2Fv2%2Fcomments&post=212"}],"version-history":[{"count":5,"href":"https:\/\/realtormariasoto.com\/index.php?rest_route=\/wp\/v2\/pages\/212\/revisions"}],"predecessor-version":[{"id":233,"href":"https:\/\/realtormariasoto.com\/index.php?rest_route=\/wp\/v2\/pages\/212\/revisions\/233"}],"wp:attachment":[{"href":"https:\/\/realtormariasoto.com\/index.php?rest_route=%2Fwp%2Fv2%2Fmedia&parent=212"}],"curies":[{"name":"wp","href":"https:\/\/api.w.org\/{rel}","templated":true}]}}